{"id":15,"date":"2025-01-30T12:02:59","date_gmt":"2025-01-30T12:02:59","guid":{"rendered":"https:\/\/rosido.rineichen.ch\/?page_id=15"},"modified":"2025-01-30T12:02:59","modified_gmt":"2025-01-30T12:02:59","slug":"muehlen","status":"publish","type":"page","link":"https:\/\/rosido.rineichen.ch\/?page_id=15","title":{"rendered":"M\u00fchlen"},"content":{"rendered":"\n<p>Das ideale Geschenk; eine Pfefferm\u00fchle genau nach Ihren W\u00fcnschen hergestellt.<br>Sind auch Salz,- oder Musskatnussm\u00fchlen erh\u00e4ltlich.<\/p>\n\n\n\n<p><\/p>\n","protected":false},"excerpt":{"rendered":"<p>Das ideale Geschenk; eine Pfefferm\u00fchle genau nach Ihren W\u00fcnschen hergestellt.Sind auch Salz,- oder Musskatnussm\u00fchlen erh\u00e4ltlich.<\/p>\n","protected":false},"author":1,"featured_media":0,"parent":0,"menu_order":0,"comment_status":"closed","ping_status":"closed","template":"","meta":{"ngg_post_thumbnail":0,"footnotes":""},"class_list":["post-15","page","type-page","status-publish","hentry"],"_links":{"self":[{"href":"https:\/\/rosido.rineichen.ch\/index.php?rest_route=\/wp\/v2\/pages\/15","targetHints":{"allow":["GET"]}}],"collection":[{"href":"https:\/\/rosido.rineichen.ch\/index.php?rest_route=\/wp\/v2\/pages"}],"about":[{"href":"https:\/\/rosido.rineichen.ch\/index.php?rest_route=\/wp\/v2\/types\/page"}],"author":[{"embeddable":true,"href":"https:\/\/rosido.rineichen.ch\/index.php?rest_route=\/wp\/v2\/users\/1"}],"replies":[{"embeddable":true,"href":"https:\/\/rosido.rineichen.ch\/index.php?rest_route=%2Fwp%2Fv2%2Fcomments&post=15"}],"version-history":[{"count":1,"href":"https:\/\/rosido.rineichen.ch\/index.php?rest_route=\/wp\/v2\/pages\/15\/revisions"}],"predecessor-version":[{"id":16,"href":"https:\/\/rosido.rineichen.ch\/index.php?rest_route=\/wp\/v2\/pages\/15\/revisions\/16"}],"wp:attachment":[{"href":"https:\/\/rosido.rineichen.ch\/index.php?rest_route=%2Fwp%2Fv2%2Fmedia&parent=15"}],"curies":[{"name":"wp","href":"https:\/\/api.w.org\/{rel}","templated":true}]}}