{"id":21,"date":"2025-01-30T12:05:10","date_gmt":"2025-01-30T12:05:10","guid":{"rendered":"https:\/\/rosido.rineichen.ch\/?page_id=21"},"modified":"2025-01-30T12:06:00","modified_gmt":"2025-01-30T12:06:00","slug":"teller","status":"publish","type":"page","link":"https:\/\/rosido.rineichen.ch\/?page_id=21","title":{"rendered":"Teller und Drehteller"},"content":{"rendered":"\n<p>Das ideale Geschenk f\u00fcr Partyservice.Teller in verschiedenen Gr\u00f6ssen und Formen, Holzart frei W\u00e4hlbar.<br><\/p>\n\n\n\n<p><\/p>\n","protected":false},"excerpt":{"rendered":"<p>Das ideale Geschenk f\u00fcr Partyservice.Teller in verschiedenen Gr\u00f6ssen und Formen, Holzart frei W\u00e4hlbar.<\/p>\n","protected":false},"author":1,"featured_media":0,"parent":0,"menu_order":0,"comment_status":"closed","ping_status":"closed","template":"","meta":{"ngg_post_thumbnail":0,"footnotes":""},"class_list":["post-21","page","type-page","status-publish","hentry"],"_links":{"self":[{"href":"https:\/\/rosido.rineichen.ch\/index.php?rest_route=\/wp\/v2\/pages\/21","targetHints":{"allow":["GET"]}}],"collection":[{"href":"https:\/\/rosido.rineichen.ch\/index.php?rest_route=\/wp\/v2\/pages"}],"about":[{"href":"https:\/\/rosido.rineichen.ch\/index.php?rest_route=\/wp\/v2\/types\/page"}],"author":[{"embeddable":true,"href":"https:\/\/rosido.rineichen.ch\/index.php?rest_route=\/wp\/v2\/users\/1"}],"replies":[{"embeddable":true,"href":"https:\/\/rosido.rineichen.ch\/index.php?rest_route=%2Fwp%2Fv2%2Fcomments&post=21"}],"version-history":[{"count":1,"href":"https:\/\/rosido.rineichen.ch\/index.php?rest_route=\/wp\/v2\/pages\/21\/revisions"}],"predecessor-version":[{"id":22,"href":"https:\/\/rosido.rineichen.ch\/index.php?rest_route=\/wp\/v2\/pages\/21\/revisions\/22"}],"wp:attachment":[{"href":"https:\/\/rosido.rineichen.ch\/index.php?rest_route=%2Fwp%2Fv2%2Fmedia&parent=21"}],"curies":[{"name":"wp","href":"https:\/\/api.w.org\/{rel}","templated":true}]}}