{"id":25,"date":"2025-01-30T12:07:02","date_gmt":"2025-01-30T12:07:02","guid":{"rendered":"https:\/\/rosido.rineichen.ch\/?page_id=25"},"modified":"2025-01-30T12:07:27","modified_gmt":"2025-01-30T12:07:27","slug":"vasen","status":"publish","type":"page","link":"https:\/\/rosido.rineichen.ch\/?page_id=25","title":{"rendered":"Schalen und Vasen"},"content":{"rendered":"\n<p>Die Schale ein ideales Geschenk zum aufbewahren von \u00c4pfel, N\u00fcsse und so.<br>Die Vase f\u00fcr den Blumenliebhaber.<\/p>\n\n\n\n<p><\/p>\n","protected":false},"excerpt":{"rendered":"<p>Die Schale ein ideales Geschenk zum aufbewahren von \u00c4pfel, N\u00fcsse und so.Die Vase f\u00fcr den Blumenliebhaber.<\/p>\n","protected":false},"author":1,"featured_media":0,"parent":0,"menu_order":0,"comment_status":"closed","ping_status":"closed","template":"","meta":{"ngg_post_thumbnail":0,"footnotes":""},"class_list":["post-25","page","type-page","status-publish","hentry"],"_links":{"self":[{"href":"https:\/\/rosido.rineichen.ch\/index.php?rest_route=\/wp\/v2\/pages\/25","targetHints":{"allow":["GET"]}}],"collection":[{"href":"https:\/\/rosido.rineichen.ch\/index.php?rest_route=\/wp\/v2\/pages"}],"about":[{"href":"https:\/\/rosido.rineichen.ch\/index.php?rest_route=\/wp\/v2\/types\/page"}],"author":[{"embeddable":true,"href":"https:\/\/rosido.rineichen.ch\/index.php?rest_route=\/wp\/v2\/users\/1"}],"replies":[{"embeddable":true,"href":"https:\/\/rosido.rineichen.ch\/index.php?rest_route=%2Fwp%2Fv2%2Fcomments&post=25"}],"version-history":[{"count":2,"href":"https:\/\/rosido.rineichen.ch\/index.php?rest_route=\/wp\/v2\/pages\/25\/revisions"}],"predecessor-version":[{"id":27,"href":"https:\/\/rosido.rineichen.ch\/index.php?rest_route=\/wp\/v2\/pages\/25\/revisions\/27"}],"wp:attachment":[{"href":"https:\/\/rosido.rineichen.ch\/index.php?rest_route=%2Fwp%2Fv2%2Fmedia&parent=25"}],"curies":[{"name":"wp","href":"https:\/\/api.w.org\/{rel}","templated":true}]}}