{"id":8,"date":"2025-01-30T11:46:22","date_gmt":"2025-01-30T11:46:22","guid":{"rendered":"https:\/\/rosido.rineichen.ch\/?page_id=8"},"modified":"2026-02-07T10:36:51","modified_gmt":"2026-02-07T10:36:51","slug":"startseite","status":"publish","type":"page","link":"https:\/\/rosido.rineichen.ch\/","title":{"rendered":"Startseite"},"content":{"rendered":"\n<p><\/p>\n\n\n\n<p>Was der Drechsler alles kann:<\/p>\n\n\n\n<p>\u00d6llampen oder Kerzenst\u00e4nder in&nbsp;verschiedenen Formen und Gr\u00f6ssen f\u00fcr ein gem\u00fctliches Zuhause.<\/p>\n\n\n<div class=\"wp-block-image\">\n<figure class=\"aligncenter size-full is-resized\"><img loading=\"lazy\" decoding=\"async\" width=\"116\" height=\"130\" src=\"https:\/\/rosido.rineichen.ch\/wp-content\/uploads\/2025\/01\/image.png\" alt=\"\" class=\"wp-image-11\" style=\"width:188px;height:auto\"\/><\/figure>\n<\/div>\n\n\n<p class=\"has-text-align-center\">\u00d6llampe <\/p>\n\n\n\n<p><strong>Geschenkideen f\u00fcr Sie und Ihn<\/strong><br>Ob Pfefferm\u00fchlen, Holzteller, Kerzenst\u00e4nder, Lampenst\u00e4nder,<br>mache jeden Gegenstand nach den W\u00fcnschen der Kundschaft soweit m\u00f6glich. Jeder Gegenstand ist einzigartig und somit ein Unikat.<\/p>\n\n\n<div class=\"wp-block-image\">\n<figure class=\"aligncenter size-full\"><img loading=\"lazy\" decoding=\"async\" width=\"103\" height=\"130\" src=\"https:\/\/rosido.rineichen.ch\/wp-content\/uploads\/2025\/01\/image-1.png\" alt=\"\" class=\"wp-image-12\"\/><\/figure>\n<\/div>\n\n\n<p class=\"has-text-align-center\">Kerzenst\u00e4nder<\/p>\n\n\n\n<p>Haben Sie eigene Ideen die Sie verwirklichen wollen? Dann melden Sie sich, damit wir zusammen eine L\u00f6sung finden.<\/p>\n\n\n<div class=\"wp-block-image\">\n<figure class=\"aligncenter size-full\"><img loading=\"lazy\" decoding=\"async\" width=\"38\" height=\"130\" src=\"https:\/\/rosido.rineichen.ch\/wp-content\/uploads\/2025\/01\/image-2.png\" alt=\"\" class=\"wp-image-13\"\/><\/figure>\n<\/div>\n\n\n<p class=\"has-text-align-center\">Kerzenst\u00e4nder mit Glasaufsatz<\/p>\n\n\n\n<p>Bitte beachten Sie die&nbsp;<strong>Lieferfristen<\/strong>&nbsp;und die<strong>&nbsp;AGB&#8217;s<\/strong>. Bei Fragen rufen Sie mich an<br>056 624 03 54<\/p>\n\n\n\n<p>Nat.079 692 00 82 <\/p>\n\n\n\n<p>Montag- Freitag jeweils ab 18 00 Uhr. <\/p>\n\n\n\n<p>Samstag ab&nbsp;&nbsp;&nbsp;&nbsp;&nbsp; 10 00 Uhr.<\/p>\n\n\n<a href=\"https:\/\/rosido.rineichen.ch\/wp-content\/uploads\/2026\/02\/PSE12.zip\" class=\"button\" download>Hier das Adobe runterladen<\/a>\n","protected":false},"excerpt":{"rendered":"<p>Was der Drechsler alles kann: \u00d6llampen oder Kerzenst\u00e4nder in&nbsp;verschiedenen Formen und Gr\u00f6ssen f\u00fcr ein gem\u00fctliches Zuhause. \u00d6llampe Geschenkideen f\u00fcr Sie und IhnOb Pfefferm\u00fchlen, Holzteller, Kerzenst\u00e4nder, Lampenst\u00e4nder,mache jeden Gegenstand nach den W\u00fcnschen der Kundschaft soweit m\u00f6glich. Jeder Gegenstand ist einzigartig und somit ein Unikat. Kerzenst\u00e4nder Haben Sie eigene Ideen die Sie verwirklichen wollen? Dann melden Sie [&hellip;]<\/p>\n","protected":false},"author":1,"featured_media":0,"parent":0,"menu_order":0,"comment_status":"closed","ping_status":"closed","template":"","meta":{"ngg_post_thumbnail":0,"footnotes":""},"class_list":["post-8","page","type-page","status-publish","hentry"],"_links":{"self":[{"href":"https:\/\/rosido.rineichen.ch\/index.php?rest_route=\/wp\/v2\/pages\/8","targetHints":{"allow":["GET"]}}],"collection":[{"href":"https:\/\/rosido.rineichen.ch\/index.php?rest_route=\/wp\/v2\/pages"}],"about":[{"href":"https:\/\/rosido.rineichen.ch\/index.php?rest_route=\/wp\/v2\/types\/page"}],"author":[{"embeddable":true,"href":"https:\/\/rosido.rineichen.ch\/index.php?rest_route=\/wp\/v2\/users\/1"}],"replies":[{"embeddable":true,"href":"https:\/\/rosido.rineichen.ch\/index.php?rest_route=%2Fwp%2Fv2%2Fcomments&post=8"}],"version-history":[{"count":8,"href":"https:\/\/rosido.rineichen.ch\/index.php?rest_route=\/wp\/v2\/pages\/8\/revisions"}],"predecessor-version":[{"id":250,"href":"https:\/\/rosido.rineichen.ch\/index.php?rest_route=\/wp\/v2\/pages\/8\/revisions\/250"}],"wp:attachment":[{"href":"https:\/\/rosido.rineichen.ch\/index.php?rest_route=%2Fwp%2Fv2%2Fmedia&parent=8"}],"curies":[{"name":"wp","href":"https:\/\/api.w.org\/{rel}","templated":true}]}}